{"id":1772,"date":"2022-12-02T16:26:09","date_gmt":"2022-12-02T15:26:09","guid":{"rendered":"https:\/\/apartmani-oazamira.com\/kontakt\/"},"modified":"2025-07-23T15:07:02","modified_gmt":"2025-07-23T13:07:02","slug":"kontakt","status":"publish","type":"page","link":"https:\/\/apartmani-oazamira.com\/de\/kontakt\/","title":{"rendered":"Kontakt"},"content":{"rendered":"<div class=\"fusion-fullwidth fullwidth-box fusion-builder-row-1 fusion-flex-container has-pattern-background has-mask-background nonhundred-percent-fullwidth non-hundred-percent-height-scrolling\" style=\"--awb-background-position:left center;--awb-border-radius-top-left:0px;--awb-border-radius-top-right:0px;--awb-border-radius-bottom-right:0px;--awb-border-radius-bottom-left:0px;--awb-padding-top:75px;--awb-padding-bottom:130px;--awb-padding-top-medium:90px;--awb-padding-bottom-medium:90px;--awb-background-color:var(--awb-color2);--awb-flex-wrap:wrap;\" ><div class=\"fusion-builder-row fusion-row fusion-flex-align-items-stretch fusion-flex-justify-content-center fusion-flex-content-wrap\" style=\"max-width:calc( 1200px + 0px );margin-left: calc(-0px \/ 2 );margin-right: calc(-0px \/ 2 );\"><div class=\"fusion-layout-column fusion_builder_column fusion-builder-column-0 fusion_builder_column_1_1 1_1 fusion-flex-column fusion-animated\" style=\"--awb-bg-size:cover;--awb-width-large:100%;--awb-margin-top-large:0px;--awb-spacing-right-large:0px;--awb-margin-bottom-large:100px;--awb-spacing-left-large:0px;--awb-width-medium:100%;--awb-order-medium:0;--awb-spacing-right-medium:0px;--awb-spacing-left-medium:0px;--awb-width-small:100%;--awb-order-small:0;--awb-spacing-right-small:0px;--awb-margin-bottom-small:68px;--awb-spacing-left-small:0px;\" data-animationType=\"fadeInDown\" data-animationDuration=\"0.8\" data-animationDelay=\"0.2\" data-animationOffset=\"top-into-view\"><div class=\"fusion-column-wrapper fusion-column-has-shadow fusion-flex-justify-content-flex-start fusion-content-layout-column\"><div class=\"fusion-title title fusion-title-1 fusion-sep-none fusion-title-center fusion-title-text fusion-title-size-two\" style=\"--awb-text-color:var(--awb-color8);--awb-margin-bottom:40px;--awb-margin-bottom-small:20px;\"><h2 class=\"fusion-title-heading title-heading-center\" style=\"margin:0;text-transform:none;\">Kontakt und Buchungsformular<\/h2><\/div><div class=\"fusion-text fusion-text-1 fusion-no-small-visibility fusion-text-no-margin\" style=\"--awb-content-alignment:center;--awb-margin-right:20%;--awb-margin-left:20%;\"><p>Bitte f\u00fcllen Sie das folgende Formular aus, um Ihr Apartment zu buchen. Wir werden uns in K\u00fcrze mit Ihnen in Verbindung setzen, um Ihre Reservierung zu best\u00e4tigen.<\/p>\n<\/div><div class=\"fusion-text fusion-text-2 fusion-no-medium-visibility fusion-no-large-visibility fusion-text-no-margin\" style=\"--awb-content-alignment:center;\"><p>Ut libero aliquam elit ac sed mauris sagittis ullamcorper pretium mauris libero nullam maecenas aliquet eu viverra sed.<\/p>\n<\/div><\/div><\/div><div class=\"fusion-layout-column fusion_builder_column fusion-builder-column-1 fusion_builder_column_1_2 1_2 fusion-flex-column fusion-animated\" style=\"--awb-bg-position:center center;--awb-bg-size:cover;--awb-width-large:50%;--awb-margin-top-large:0px;--awb-spacing-right-large:0px;--awb-margin-bottom-large:0px;--awb-spacing-left-large:0px;--awb-width-medium:50%;--awb-order-medium:0;--awb-spacing-right-medium:0px;--awb-spacing-left-medium:0px;--awb-width-small:100%;--awb-order-small:0;--awb-spacing-right-small:0px;--awb-spacing-left-small:0px;\" data-animationType=\"fadeInUp\" data-animationDuration=\"0.8\" data-animationOffset=\"top-into-view\"><div class=\"fusion-column-wrapper lazyload fusion-column-has-shadow fusion-flex-justify-content-flex-start fusion-content-layout-column fusion-empty-column-bg-image fusion-column-has-bg-image\" data-bg-url=\"https:\/\/apartmani-oazamira.com\/wp-content\/uploads\/2025\/06\/Apartment-sea3-foto-n.jpg\" data-bg=\"https:\/\/apartmani-oazamira.com\/wp-content\/uploads\/2025\/06\/Apartment-sea3-foto-n.jpg\"><img decoding=\"async\" class=\"fusion-empty-dims-img-placeholder fusion-no-large-visibility fusion-no-medium-visibility\" aria-label=\"Apartment sea3 foto n\" src=\"data:image\/svg+xml,%3Csvg%20xmlns%3D%27http%3A%2F%2Fwww.w3.org%2F2000%2Fsvg%27%20width%3D%271600%27%20height%3D%27900%27%20viewBox%3D%270%200%201600%20900%27%3E%3Crect%20width%3D%271600%27%20height%3D%27900%27%20fill-opacity%3D%220%22%2F%3E%3C%2Fsvg%3E\"><\/div><\/div><div class=\"fusion-layout-column fusion_builder_column fusion-builder-column-2 fusion_builder_column_1_2 1_2 fusion-flex-column fusion-flex-align-self-center fusion-animated\" style=\"--awb-z-index:99999;--awb-padding-top:90px;--awb-padding-right:90px;--awb-padding-bottom:90px;--awb-padding-left:90px;--awb-padding-top-medium:60px;--awb-padding-right-medium:60px;--awb-padding-bottom-medium:60px;--awb-padding-left-medium:60px;--awb-bg-color:var(--awb-color7);--awb-bg-color-hover:var(--awb-color7);--awb-bg-size:cover;--awb-width-large:50%;--awb-margin-top-large:0px;--awb-spacing-right-large:0px;--awb-margin-bottom-large:0px;--awb-spacing-left-large:0px;--awb-width-medium:50%;--awb-order-medium:0;--awb-spacing-right-medium:0px;--awb-spacing-left-medium:0px;--awb-width-small:100%;--awb-order-small:0;--awb-spacing-right-small:0px;--awb-spacing-left-small:0px;\" data-animationType=\"fadeInUp\" data-animationDuration=\"0.8\" data-animationOffset=\"top-into-view\"><div class=\"fusion-column-wrapper fusion-column-has-shadow fusion-flex-justify-content-flex-start fusion-content-layout-column\"><div class=\"fusion-form fusion-form-builder fusion-form-form-wrapper fusion-form-1771\" style=\"--awb-tooltip-text-color:#ffffff;--awb-tooltip-background-color:#333333;--awb-form-input-height:55px;--awb-form-bg-color:hsla(var(--awb-color1-h),var(--awb-color1-s),var(--awb-color1-l),calc(var(--awb-color1-a) - 100%));--awb-form-select-bg:var(--awb-color8);--awb-form-placeholder-color:var(--awb-color1);--awb-form-text-color:var(--awb-color1);--awb-form-border-color:hsla(var(--awb-color1-h),var(--awb-color1-s),var(--awb-color1-l),calc(var(--awb-color1-a) - 40%));--awb-form-focus-border-color:var(--awb-color1);--awb-form-focus-border-hover-color:hsla(var(--awb-color1-h),var(--awb-color1-s),var(--awb-color1-l),calc(var(--awb-color1-a) - 50%));\" data-form-id=\"1771\" data-config=\"{&quot;form_id&quot;:1771,&quot;form_post_id&quot;:1771,&quot;post_id&quot;:1772,&quot;form_type&quot;:&quot;ajax&quot;,&quot;confirmation_type&quot;:&quot;message&quot;,&quot;redirect_url&quot;:&quot;&quot;,&quot;field_labels&quot;:{&quot;name&quot;:&quot;&quot;,&quot;email&quot;:&quot;&quot;,&quot;mobitel&quot;:&quot;&quot;,&quot;guests&quot;:&quot;&quot;,&quot;check_in&quot;:&quot;&quot;,&quot;check_out&quot;:&quot;&quot;,&quot;room&quot;:&quot;&quot;},&quot;field_logics&quot;:{&quot;name&quot;:&quot;&quot;,&quot;email&quot;:&quot;&quot;,&quot;mobitel&quot;:&quot;&quot;,&quot;guests&quot;:&quot;&quot;,&quot;check_in&quot;:&quot;&quot;,&quot;check_out&quot;:&quot;&quot;,&quot;room&quot;:&quot;&quot;,&quot;submit_1&quot;:&quot;&quot;,&quot;notice_1&quot;:&quot;&quot;},&quot;field_types&quot;:{&quot;name&quot;:&quot;text&quot;,&quot;email&quot;:&quot;email&quot;,&quot;mobitel&quot;:&quot;phone_number&quot;,&quot;guests&quot;:&quot;number&quot;,&quot;check_in&quot;:&quot;date&quot;,&quot;check_out&quot;:&quot;date&quot;,&quot;room&quot;:&quot;select&quot;,&quot;submit_1&quot;:&quot;submit&quot;,&quot;notice_1&quot;:&quot;notice&quot;},&quot;nonce_method&quot;:&quot;ajax&quot;}\"><form action=\"https:\/\/apartmani-oazamira.com\/de\/kontakt\/\" method=\"post\" class=\"fusion-form fusion-form-1771\"><div class=\"fusion-fullwidth fullwidth-box fusion-builder-row-1-1 fusion-flex-container has-pattern-background has-mask-background nonhundred-percent-fullwidth non-hundred-percent-height-scrolling\" style=\"--awb-border-radius-top-left:0px;--awb-border-radius-top-right:0px;--awb-border-radius-bottom-right:0px;--awb-border-radius-bottom-left:0px;--awb-padding-top:0px;--awb-padding-right:0px;--awb-padding-bottom:0px;--awb-padding-left:0px;--awb-flex-wrap:wrap;\" ><div class=\"fusion-builder-row fusion-row fusion-flex-align-items-flex-start fusion-flex-content-wrap\" style=\"width:calc( 100% + 17px ) !important;max-width:calc( 100% + 17px ) !important;margin-left: calc(-17px \/ 2 );margin-right: calc(-17px \/ 2 );\"><div class=\"fusion-layout-column fusion_builder_column fusion-builder-column-3 fusion_builder_column_1_1 1_1 fusion-flex-column\" style=\"--awb-bg-size:cover;--awb-width-large:100%;--awb-flex-grow:0;--awb-flex-shrink:0;--awb-margin-top-large:0px;--awb-spacing-right-large:8.5px;--awb-margin-bottom-large:0px;--awb-spacing-left-large:8.5px;--awb-width-medium:100%;--awb-order-medium:0;--awb-flex-grow-medium:0;--awb-flex-shrink-medium:0;--awb-spacing-right-medium:8.5px;--awb-spacing-left-medium:8.5px;--awb-width-small:100%;--awb-order-small:0;--awb-flex-grow-small:0;--awb-flex-shrink-small:0;--awb-spacing-right-small:8.5px;--awb-spacing-left-small:8.5px;\"><div class=\"fusion-column-wrapper fusion-column-has-shadow fusion-flex-justify-content-flex-start fusion-content-layout-column\"><div class=\"fusion-form-field fusion-form-text-field fusion-form-label-above\" style=\"\" data-form-id=\"1771\"><input type=\"text\" autocomplete=\"off\" name=\"name\" id=\"name\" value=\"\"  class=\"fusion-form-input\" required=\"true\" aria-required=\"true\" placeholder=\"Name *\" data-holds-private-data=\"false\" minlength=\"0\"\/><\/div><div class=\"fusion-form-field fusion-form-email-field fusion-form-label-above\" style=\"\" data-form-id=\"1771\"><input type=\"email\" autocomplete=\"off\" name=\"email\" id=\"email\" value=\"\"  class=\"fusion-form-input\" required=\"true\" aria-required=\"true\" placeholder=\"E-Mail *\" data-holds-private-data=\"false\"\/><\/div><div class=\"fusion-form-field fusion-form-phone-number-field fusion-form-label-above\" style=\"\" data-form-id=\"1771\"><input type=\"tel\" autocomplete=\"off\" name=\"mobitel\" id=\"mobitel\" value=\"\"  class=\"fusion-form-input\" required=\"true\" aria-required=\"true\" placeholder=\"Rufnummer *\" data-holds-private-data=\"false\"\/><\/div><div class=\"fusion-form-field fusion-form-number-field fusion-form-label-above\" style=\"\" data-form-id=\"1771\"><input type=\"number\" autocomplete=\"off\" name=\"guests\" id=\"guests\" value=\"\"  class=\"fusion-form-input\" required=\"true\" aria-required=\"true\" placeholder=\"G\u00e4ste *\" data-holds-private-data=\"false\" min=\"0\" max=\"100\"\/><\/div><div class=\"fusion-form-field fusion-form-date-field fusion-form-label-above\" style=\"\" data-form-id=\"1771\"><input autocomplete=\"off\" type=\"date\" data-first-day=\"1\"  data-format=\"\" tabindex=\"\" id=\"check_in\" name=\"check_in\" data-type=\"custom\" value=\"\" data-holds-private-data=\"false\" class=\"fusion-form-input\" required=\"true\" aria-required=\"true\" placeholder=\"Datum einchecken *\"autocomplete=\"no\"\/><\/div><div class=\"fusion-form-field fusion-form-date-field fusion-form-label-above\" style=\"\" data-form-id=\"1771\"><input autocomplete=\"off\" type=\"date\" min=\"2025-05-01\"  max=\"2025-10-01\"  data-first-day=\"1\"  data-format=\"\" tabindex=\"\" id=\"check_out\" name=\"check_out\" data-type=\"custom\" value=\"\" data-holds-private-data=\"false\" class=\"fusion-form-input\" required=\"true\" aria-required=\"true\" placeholder=\"Datum des Checkouts *\"autocomplete=\"no\"\/><\/div><div class=\"fusion-form-field fusion-form-select-field fusion-form-label-above\" style=\"\" data-form-id=\"1771\"><div class=\"fusion-select-wrapper\"><select autocomplete=\"off\" tabindex=\"\" id=\"room\" name=\"room\" class=\"fusion-form-input\" data-holds-private-data=\"false\"><option value=\"\" disabled selected>Wohnung w\u00e4hlen<\/option><option value=\"Wohnung Meer 1\" >Wohnung Meer 1<\/option><option value=\"Wohnung Meer 2\" >Wohnung Meer 2<\/option><option value=\"Wohnung Meer 3\" >Wohnung Meer 3<\/option><\/select><div class=\"select-arrow\"><svg width=\"12\" height=\"8\" viewBox=\"0 0 12 8\" fill=\"none\" xmlns=\"http:\/\/www.w3.org\/2000\/svg\"> <path d=\"M1.5 1.75L6 6.25L10.5 1.75\" stroke=\"#6D6D6D\" stroke-width=\"2\" stroke-linecap=\"round\" stroke-linejoin=\"round\"\/> <\/svg><\/div><\/div><\/div><div class=\"fusion-form-field fusion-form-submit-field fusion-form-label-above\" style=\"\" data-form-id=\"1771\"><div ><button type=\"submit\" class=\"fusion-button button-flat fusion-button-default-size button-custom fusion-button-default button-1 fusion-button-span-yes  form-form-submit button-default\" style=\"--button_accent_color:var(--awb-color8);--button_accent_hover_color:var(--awb-color1);--button_border_hover_color:var(--awb-color1);--button_gradient_top_color:var(--awb-color1);--button_gradient_bottom_color:var(--awb-color1);--button_gradient_top_color_hover:hsla(var(--awb-color5-h),calc(var(--awb-color5-s) - 5%),calc(var(--awb-color5-l) - 10%),var(--awb-color5-a));--button_gradient_bottom_color_hover:hsla(var(--awb-color5-h),calc(var(--awb-color5-s) - 5%),calc(var(--awb-color5-l) - 10%),var(--awb-color5-a));--button_padding-top:14px;--button_padding-bottom:14px;\" data-hover=\"text_slide_up\" data-form-number=\"1771\" tabindex=\"\"><div class=\"awb-button-text-transition  awb-button__hover-content--centered\"><span class=\"fusion-button-text awb-button__text awb-button__text--default\">Buchen Sie Ihr Apartment<\/span><span class=\"fusion-button-text awb-button__text awb-button__text--default\">Buchen Sie Ihr Apartment<\/span><\/div><\/button><\/div><\/div><div class=\"form-submission-notices data-notice_1\" id=\"fusion-notices-1\"><div class=\"fusion-alert alert success alert-success fusion-alert-center fusion-form-response fusion-form-response-success awb-alert-native-link-color alert-dismissable awb-alert-close-boxed\" role=\"alert\"><div class=\"fusion-alert-content-wrapper\"><span class=\"alert-icon\"><i class=\"awb-icon-check-circle\" aria-hidden=\"true\"><\/i><\/span><span class=\"fusion-alert-content\">Thank you for your message. It has been sent.<\/span><\/div><button type=\"button\" class=\"close toggle-alert\" data-dismiss=\"alert\" aria-label=\"Close\">&times;<\/button><\/div><div class=\"fusion-alert alert error alert-danger fusion-alert-center fusion-form-response fusion-form-response-error awb-alert-native-link-color alert-dismissable awb-alert-close-boxed\" role=\"alert\"><div class=\"fusion-alert-content-wrapper\"><span class=\"alert-icon\"><i class=\"awb-icon-exclamation-triangle\" aria-hidden=\"true\"><\/i><\/span><span class=\"fusion-alert-content\">There was an error trying to send your message. Please try again later.<\/span><\/div><button type=\"button\" class=\"close toggle-alert\" data-dismiss=\"alert\" aria-label=\"Close\">&times;<\/button><\/div><\/div><\/div><\/div><\/div><\/div><\/form><\/div><\/div><\/div><div class=\"fusion-layout-column fusion_builder_column fusion-builder-column-4 fusion_builder_column_1_1 1_1 fusion-flex-column fusion-animated\" style=\"--awb-bg-size:cover;--awb-width-large:100%;--awb-flex-grow:0;--awb-flex-shrink:0;--awb-margin-top-large:100px;--awb-spacing-right-large:0px;--awb-margin-bottom-large:59px;--awb-spacing-left-large:0px;--awb-width-medium:100%;--awb-order-medium:0;--awb-flex-grow-medium:0;--awb-flex-shrink-medium:0;--awb-spacing-right-medium:0px;--awb-spacing-left-medium:0px;--awb-width-small:100%;--awb-order-small:0;--awb-flex-grow-small:0;--awb-flex-shrink-small:0;--awb-spacing-right-small:0px;--awb-margin-bottom-small:68px;--awb-spacing-left-small:0px;\" data-animationType=\"fadeInDown\" data-animationDuration=\"0.8\" data-animationDelay=\"0.2\" data-animationOffset=\"top-into-view\"><div class=\"fusion-column-wrapper fusion-column-has-shadow fusion-flex-justify-content-flex-start fusion-content-layout-column\"><div class=\"fusion-title title fusion-title-2 fusion-sep-none fusion-title-center fusion-title-text fusion-title-size-two\" style=\"--awb-text-color:var(--awb-color8);--awb-margin-bottom-small:20px;\"><h2 class=\"fusion-title-heading title-heading-center\" style=\"margin:0;text-transform:none;\">Wegbeschreibung zu unseren Apartments &#8220;Oaza mira&#8220;<\/h2><\/div><div class=\"fusion-text fusion-text-3 fusion-no-medium-visibility fusion-no-large-visibility fusion-text-no-margin\" style=\"--awb-content-alignment:center;\"><p>Ut libero aliquam elit ac sed mauris sagittis ullamcorper pretium mauris libero nullam maecenas aliquet eu viverra sed.<\/p>\n<\/div><\/div><\/div><div class=\"fusion-layout-column fusion_builder_column fusion-builder-column-5 fusion_builder_column_1_1 1_1 fusion-flex-column\" style=\"--awb-padding-top:20px;--awb-padding-right:20px;--awb-padding-bottom:20px;--awb-padding-left:20px;--awb-bg-color:var(--awb-color1);--awb-bg-color-hover:var(--awb-color1);--awb-bg-size:cover;--awb-width-large:100%;--awb-flex-grow:0;--awb-flex-shrink:0;--awb-margin-top-large:0px;--awb-spacing-right-large:0px;--awb-margin-bottom-large:0px;--awb-spacing-left-large:0px;--awb-width-medium:100%;--awb-order-medium:0;--awb-flex-grow-medium:0;--awb-flex-shrink-medium:0;--awb-spacing-right-medium:0px;--awb-spacing-left-medium:0px;--awb-width-small:100%;--awb-order-small:0;--awb-flex-grow-small:0;--awb-flex-shrink-small:0;--awb-spacing-right-small:0px;--awb-spacing-left-small:0px;\"><div class=\"fusion-column-wrapper fusion-column-has-shadow fusion-flex-justify-content-flex-start fusion-content-layout-column\"><div class=\"fusion-image-element \" style=\"--awb-caption-title-font-family:var(--h2_typography-font-family);--awb-caption-title-font-weight:var(--h2_typography-font-weight);--awb-caption-title-font-style:var(--h2_typography-font-style);--awb-caption-title-size:var(--h2_typography-font-size);--awb-caption-title-transform:var(--h2_typography-text-transform);--awb-caption-title-line-height:var(--h2_typography-line-height);--awb-caption-title-letter-spacing:var(--h2_typography-letter-spacing);\"><span class=\" fusion-imageframe imageframe-none imageframe-1 hover-type-none\"><a class=\"fusion-no-lightbox\" href=\"https:\/\/maps.app.goo.gl\/o58s1ymeJvEQZgjc7\" target=\"_self\" aria-label=\"Oaza mira Sovlje Tribunj map contact\"><img decoding=\"async\" width=\"1200\" height=\"600\" src=\"https:\/\/apartmani-oazamira.com\/wp-content\/uploads\/2025\/06\/Oaza-mira-Sovlje-Tribunj-map-contact.jpg\" data-orig-src=\"https:\/\/apartmani-oazamira.com\/wp-content\/uploads\/2025\/06\/Oaza-mira-Sovlje-Tribunj-map-contact.jpg\" alt class=\"lazyload img-responsive wp-image-1487\" srcset=\"data:image\/svg+xml,%3Csvg%20xmlns%3D%27http%3A%2F%2Fwww.w3.org%2F2000%2Fsvg%27%20width%3D%271200%27%20height%3D%27600%27%20viewBox%3D%270%200%201200%20600%27%3E%3Crect%20width%3D%271200%27%20height%3D%27600%27%20fill-opacity%3D%220%22%2F%3E%3C%2Fsvg%3E\" data-srcset=\"https:\/\/apartmani-oazamira.com\/wp-content\/uploads\/2025\/06\/Oaza-mira-Sovlje-Tribunj-map-contact-200x100.jpg 200w, https:\/\/apartmani-oazamira.com\/wp-content\/uploads\/2025\/06\/Oaza-mira-Sovlje-Tribunj-map-contact-400x200.jpg 400w, https:\/\/apartmani-oazamira.com\/wp-content\/uploads\/2025\/06\/Oaza-mira-Sovlje-Tribunj-map-contact-600x300.jpg 600w, https:\/\/apartmani-oazamira.com\/wp-content\/uploads\/2025\/06\/Oaza-mira-Sovlje-Tribunj-map-contact-800x400.jpg 800w, https:\/\/apartmani-oazamira.com\/wp-content\/uploads\/2025\/06\/Oaza-mira-Sovlje-Tribunj-map-contact.jpg 1200w\" data-sizes=\"auto\" data-orig-sizes=\"(max-width: 640px) 100vw, 1200px\" \/><\/a><\/span><\/div><\/div><\/div><\/div><\/div>\n","protected":false},"excerpt":{"rendered":"","protected":false},"author":1,"featured_media":0,"parent":0,"menu_order":0,"comment_status":"closed","ping_status":"closed","template":"100-width.php","meta":{"inline_featured_image":false,"footnotes":""},"class_list":["post-1772","page","type-page","status-publish","hentry"],"yoast_head":"<!-- This site is optimized with the Yoast SEO plugin v27.4 - https:\/\/yoast.com\/product\/yoast-seo-wordpress\/ -->\n<title>Kontakt - Apartments Oaza Mira<\/title>\n<meta name=\"robots\" content=\"index, follow, max-snippet:-1, max-image-preview:large, max-video-preview:-1\" \/>\n<link rel=\"canonical\" href=\"https:\/\/apartmani-oazamira.com\/de\/kontakt\/\" \/>\n<meta property=\"og:locale\" content=\"de_DE\" \/>\n<meta property=\"og:type\" content=\"article\" \/>\n<meta property=\"og:title\" content=\"Kontakt - Apartments Oaza Mira\" \/>\n<meta property=\"og:url\" content=\"https:\/\/apartmani-oazamira.com\/de\/kontakt\/\" \/>\n<meta property=\"og:site_name\" content=\"Apartments Oaza Mira\" \/>\n<meta property=\"article:modified_time\" content=\"2025-07-23T13:07:02+00:00\" \/>\n<meta name=\"twitter:card\" content=\"summary_large_image\" \/>\n<meta name=\"twitter:label1\" content=\"Gesch\u00e4tzte Lesezeit\" \/>\n\t<meta name=\"twitter:data1\" content=\"9\u00a0Minuten\" \/>\n<script type=\"application\/ld+json\" class=\"yoast-schema-graph\">{\"@context\":\"https:\\\/\\\/schema.org\",\"@graph\":[{\"@type\":\"WebPage\",\"@id\":\"https:\\\/\\\/apartmani-oazamira.com\\\/de\\\/kontakt\\\/\",\"url\":\"https:\\\/\\\/apartmani-oazamira.com\\\/de\\\/kontakt\\\/\",\"name\":\"Kontakt - Apartments Oaza Mira\",\"isPartOf\":{\"@id\":\"https:\\\/\\\/apartmani-oazamira.com\\\/de\\\/#website\"},\"datePublished\":\"2022-12-02T15:26:09+00:00\",\"dateModified\":\"2025-07-23T13:07:02+00:00\",\"breadcrumb\":{\"@id\":\"https:\\\/\\\/apartmani-oazamira.com\\\/de\\\/kontakt\\\/#breadcrumb\"},\"inLanguage\":\"de\",\"potentialAction\":[{\"@type\":\"ReadAction\",\"target\":[\"https:\\\/\\\/apartmani-oazamira.com\\\/de\\\/kontakt\\\/\"]}]},{\"@type\":\"BreadcrumbList\",\"@id\":\"https:\\\/\\\/apartmani-oazamira.com\\\/de\\\/kontakt\\\/#breadcrumb\",\"itemListElement\":[{\"@type\":\"ListItem\",\"position\":1,\"name\":\"Home\",\"item\":\"https:\\\/\\\/apartmani-oazamira.com\\\/de\\\/oaza-mira\\\/\"},{\"@type\":\"ListItem\",\"position\":2,\"name\":\"Kontakt\"}]},{\"@type\":\"WebSite\",\"@id\":\"https:\\\/\\\/apartmani-oazamira.com\\\/de\\\/#website\",\"url\":\"https:\\\/\\\/apartmani-oazamira.com\\\/de\\\/\",\"name\":\"Apartments Oaza Mira\",\"description\":\"Accommodation in Sovlje Tribunj\",\"publisher\":{\"@id\":\"https:\\\/\\\/apartmani-oazamira.com\\\/de\\\/#organization\"},\"potentialAction\":[{\"@type\":\"SearchAction\",\"target\":{\"@type\":\"EntryPoint\",\"urlTemplate\":\"https:\\\/\\\/apartmani-oazamira.com\\\/de\\\/?s={search_term_string}\"},\"query-input\":{\"@type\":\"PropertyValueSpecification\",\"valueRequired\":true,\"valueName\":\"search_term_string\"}}],\"inLanguage\":\"de\"},{\"@type\":\"Organization\",\"@id\":\"https:\\\/\\\/apartmani-oazamira.com\\\/de\\\/#organization\",\"name\":\"Apartments & Bach Bar in Tribunj\",\"url\":\"https:\\\/\\\/apartmani-oazamira.com\\\/de\\\/\",\"logo\":{\"@type\":\"ImageObject\",\"inLanguage\":\"de\",\"@id\":\"https:\\\/\\\/apartmani-oazamira.com\\\/de\\\/#\\\/schema\\\/logo\\\/image\\\/\",\"url\":\"https:\\\/\\\/apartmani-oazamira.com\\\/wp-content\\\/uploads\\\/2025\\\/06\\\/Apartments-Oaza-Mira-Tribunj-logo-web-bb.svg\",\"contentUrl\":\"https:\\\/\\\/apartmani-oazamira.com\\\/wp-content\\\/uploads\\\/2025\\\/06\\\/Apartments-Oaza-Mira-Tribunj-logo-web-bb.svg\",\"width\":300,\"height\":100,\"caption\":\"Apartments & Bach Bar in Tribunj\"},\"image\":{\"@id\":\"https:\\\/\\\/apartmani-oazamira.com\\\/de\\\/#\\\/schema\\\/logo\\\/image\\\/\"}}]}<\/script>\n<!-- \/ Yoast SEO plugin. -->","yoast_head_json":{"title":"Kontakt - Apartments Oaza Mira","robots":{"index":"index","follow":"follow","max-snippet":"max-snippet:-1","max-image-preview":"max-image-preview:large","max-video-preview":"max-video-preview:-1"},"canonical":"https:\/\/apartmani-oazamira.com\/de\/kontakt\/","og_locale":"de_DE","og_type":"article","og_title":"Kontakt - Apartments Oaza Mira","og_url":"https:\/\/apartmani-oazamira.com\/de\/kontakt\/","og_site_name":"Apartments Oaza Mira","article_modified_time":"2025-07-23T13:07:02+00:00","twitter_card":"summary_large_image","twitter_misc":{"Gesch\u00e4tzte Lesezeit":"9\u00a0Minuten"},"schema":{"@context":"https:\/\/schema.org","@graph":[{"@type":"WebPage","@id":"https:\/\/apartmani-oazamira.com\/de\/kontakt\/","url":"https:\/\/apartmani-oazamira.com\/de\/kontakt\/","name":"Kontakt - Apartments Oaza Mira","isPartOf":{"@id":"https:\/\/apartmani-oazamira.com\/de\/#website"},"datePublished":"2022-12-02T15:26:09+00:00","dateModified":"2025-07-23T13:07:02+00:00","breadcrumb":{"@id":"https:\/\/apartmani-oazamira.com\/de\/kontakt\/#breadcrumb"},"inLanguage":"de","potentialAction":[{"@type":"ReadAction","target":["https:\/\/apartmani-oazamira.com\/de\/kontakt\/"]}]},{"@type":"BreadcrumbList","@id":"https:\/\/apartmani-oazamira.com\/de\/kontakt\/#breadcrumb","itemListElement":[{"@type":"ListItem","position":1,"name":"Home","item":"https:\/\/apartmani-oazamira.com\/de\/oaza-mira\/"},{"@type":"ListItem","position":2,"name":"Kontakt"}]},{"@type":"WebSite","@id":"https:\/\/apartmani-oazamira.com\/de\/#website","url":"https:\/\/apartmani-oazamira.com\/de\/","name":"Apartments Oaza Mira","description":"Accommodation in Sovlje Tribunj","publisher":{"@id":"https:\/\/apartmani-oazamira.com\/de\/#organization"},"potentialAction":[{"@type":"SearchAction","target":{"@type":"EntryPoint","urlTemplate":"https:\/\/apartmani-oazamira.com\/de\/?s={search_term_string}"},"query-input":{"@type":"PropertyValueSpecification","valueRequired":true,"valueName":"search_term_string"}}],"inLanguage":"de"},{"@type":"Organization","@id":"https:\/\/apartmani-oazamira.com\/de\/#organization","name":"Apartments & Bach Bar in Tribunj","url":"https:\/\/apartmani-oazamira.com\/de\/","logo":{"@type":"ImageObject","inLanguage":"de","@id":"https:\/\/apartmani-oazamira.com\/de\/#\/schema\/logo\/image\/","url":"https:\/\/apartmani-oazamira.com\/wp-content\/uploads\/2025\/06\/Apartments-Oaza-Mira-Tribunj-logo-web-bb.svg","contentUrl":"https:\/\/apartmani-oazamira.com\/wp-content\/uploads\/2025\/06\/Apartments-Oaza-Mira-Tribunj-logo-web-bb.svg","width":300,"height":100,"caption":"Apartments & Bach Bar in Tribunj"},"image":{"@id":"https:\/\/apartmani-oazamira.com\/de\/#\/schema\/logo\/image\/"}}]}},"_links":{"self":[{"href":"https:\/\/apartmani-oazamira.com\/de\/wp-json\/wp\/v2\/pages\/1772","targetHints":{"allow":["GET"]}}],"collection":[{"href":"https:\/\/apartmani-oazamira.com\/de\/wp-json\/wp\/v2\/pages"}],"about":[{"href":"https:\/\/apartmani-oazamira.com\/de\/wp-json\/wp\/v2\/types\/page"}],"author":[{"embeddable":true,"href":"https:\/\/apartmani-oazamira.com\/de\/wp-json\/wp\/v2\/users\/1"}],"replies":[{"embeddable":true,"href":"https:\/\/apartmani-oazamira.com\/de\/wp-json\/wp\/v2\/comments?post=1772"}],"version-history":[{"count":2,"href":"https:\/\/apartmani-oazamira.com\/de\/wp-json\/wp\/v2\/pages\/1772\/revisions"}],"predecessor-version":[{"id":1774,"href":"https:\/\/apartmani-oazamira.com\/de\/wp-json\/wp\/v2\/pages\/1772\/revisions\/1774"}],"wp:attachment":[{"href":"https:\/\/apartmani-oazamira.com\/de\/wp-json\/wp\/v2\/media?parent=1772"}],"curies":[{"name":"wp","href":"https:\/\/api.w.org\/{rel}","templated":true}]}}